{"id":278,"date":"2022-09-21T17:29:23","date_gmt":"2022-09-21T17:29:23","guid":{"rendered":"https:\/\/diuxr.com.ar\/wp\/?page_id=278"},"modified":"2024-02-26T19:42:57","modified_gmt":"2024-02-26T19:42:57","slug":"preguntas-frecuentes","status":"publish","type":"page","link":"https:\/\/diuxr.com.ar\/wp\/preguntas-frecuentes\/","title":{"rendered":"Preguntas frecuentes"},"content":{"rendered":"\t\t<div data-elementor-type=\"wp-page\" data-elementor-id=\"278\" class=\"elementor elementor-278\">\n\t\t\t\t\t\t\t\t\t<section class=\"elementor-section elementor-top-section elementor-element elementor-element-2f55c01 elementor-section-boxed elementor-section-height-default elementor-section-height-default\" data-id=\"2f55c01\" data-element_type=\"section\">\n\t\t\t\t\t\t<div class=\"elementor-container elementor-column-gap-default\">\n\t\t\t\t\t<div class=\"elementor-column elementor-col-100 elementor-top-column elementor-element elementor-element-2d1ff4f\" data-id=\"2d1ff4f\" data-element_type=\"column\">\n\t\t\t<div class=\"elementor-widget-wrap elementor-element-populated\">\n\t\t\t\t\t\t\t\t<div class=\"elementor-element elementor-element-cab8d6d elementor-widget elementor-widget-mfn_faq\" data-id=\"cab8d6d\" data-element_type=\"widget\" data-widget_type=\"mfn_faq.default\">\n\t\t\t\t<div class=\"elementor-widget-container\">\n\t\t\t<div class=\"faq\"><h4 class=\"title\">Dudas frecuentes que nos consultan...<\/h4><div class=\"mfn-acc faq_wrapper  openAll\"><div class=\"question\" tabindex=\"0\" role=\"link\"><div class=\"title\"><span class=\"num\">1<\/span><i class=\"icon-plus acc-icon-plus\" aria-hidden=\"true\"><\/i><i class=\"icon-minus acc-icon-minus\" aria-hidden=\"true\"><\/i>\u00bf Cu\u00e1l es el arancel de la Diplomatura Universitaria en UXR?<\/div><div class=\"answer\"><p>Aranceles 2024<\/p><p>Matr\u00edcula: AR$ 108.202.- 10 Cuotas: AR$ 108.202 cada una. *<\/p><p>\ud83c\udf81 Promoci\u00f3n: Si te inscrib\u00eds hasta el 29 de Febrero del 2024, se bonifica el 100% de tu matr\u00edcula. *(valores expresados en pesos argentinos)<\/p><\/div><\/div>\n<div class=\"question\" tabindex=\"0\" role=\"link\"><div class=\"title\"><span class=\"num\">2<\/span><i class=\"icon-plus acc-icon-plus\" aria-hidden=\"true\"><\/i><i class=\"icon-minus acc-icon-minus\" aria-hidden=\"true\"><\/i>\u00a0\u00bfHay descuentos o promociones?<\/div><div class=\"answer\"><p><i><span style=\"font-weight: 400;\">Si te anotas hasta el mi\u00e9rcoles 29 de Febrero de 2024,<\/span><\/i><i><span style=\"font-weight: 400;\"> el arancel de la matr\u00edcula se bonifica al 100%.<\/span><\/i><\/p><p><i><span style=\"font-weight: 400;\">Asimismo, pod\u00e9s acceder a <\/span><\/i><b><i>descuentos<\/i><\/b> <i><span style=\"font-weight: 400;\">si trabaj\u00e1s en una empresa que tiene convenio con la Universidad de Belgrano<\/span><\/i><i><span style=\"font-weight: 400;\">. Para averiguar cu\u00e1les son las empresas adheridas, te invitamos a consultar al mail <\/span><\/i><a href=\"mailto:educacion.continua@ub.edu.ar\"><span style=\"font-weight: 400;\">educacion.continua@ub.edu.ar<\/span><\/a><\/p><div id=\"gtx-trans\" style=\"position: absolute; left: -9px; top: 37px;\"><div class=\"gtx-trans-icon\">\u00a0<\/div><\/div><div id=\"gtx-trans\" style=\"position: absolute; left: -9px; top: 37px;\"><div class=\"gtx-trans-icon\">\u00a0<\/div><\/div><\/div><\/div>\n<div class=\"question\" tabindex=\"0\" role=\"link\"><div class=\"title\"><span class=\"num\">3<\/span><i class=\"icon-plus acc-icon-plus\" aria-hidden=\"true\"><\/i><i class=\"icon-minus acc-icon-minus\" aria-hidden=\"true\"><\/i>\u00bfHay descuentos para empresas?<\/div><div class=\"answer\"><p><i><span style=\"font-weight: 400;\">Si, algunas empresas tienen convenio con la Universidad de Belgrano, en eso casos aplican descuentos.<\/span><\/i><\/p><p><i><span style=\"font-weight: 400;\">\u00a0Si<\/span><\/i><i><span style=\"font-weight: 400;\"> trabaj\u00e1s en una empresa que tiene convenio con la Universidad de Belgrano<\/span><\/i><i><span style=\"font-weight: 400;\">. Para averiguar cu\u00e1les son las empresas adheridas, te invitamos a consultar al mail <\/span><\/i><a href=\"mailto:educacion.continua@ub.edu.ar\"><span style=\"font-weight: 400;\">educacion.continua@ub.edu.ar<\/span><\/a> <\/p><\/div><\/div>\n<div class=\"question\" tabindex=\"0\" role=\"link\"><div class=\"title\"><span class=\"num\">4<\/span><i class=\"icon-plus acc-icon-plus\" aria-hidden=\"true\"><\/i><i class=\"icon-minus acc-icon-minus\" aria-hidden=\"true\"><\/i>\u00bfC\u00f3mo reservo mi vacante?<\/div><div class=\"answer\"><p>Para gestionar tu inscripci\u00f3n deber\u00e1s contactar a <strong><a href=\"mailto:educacion.continua@ub.edu.ar\" target=\"_blank\" rel=\"noopener\">educacion.continua@ub.edu.ar<\/a><\/strong> donde te enviar\u00e1n el formulario de inscripci\u00f3n que deber\u00e1s completar\u00a0con tus datos completos.<\/p><\/div><\/div>\n<div class=\"question\" tabindex=\"0\" role=\"link\"><div class=\"title\"><span class=\"num\">5<\/span><i class=\"icon-plus acc-icon-plus\" aria-hidden=\"true\"><\/i><i class=\"icon-minus acc-icon-minus\" aria-hidden=\"true\"><\/i>.\u00bfCu\u00e1les son los requisitos para inscribirme?<\/div><div class=\"answer\"><p><i><span style=\"font-weight: 400;\">Al momento de la inscripci\u00f3n, ten\u00e9s que completar solicitud de inscripci\u00f3n y presentar la siguiente documentaci\u00f3n:<\/span><\/i><\/p><ul><li style=\"font-weight: 400;\" aria-level=\"1\"><i><span style=\"font-weight: 400;\">\u00a0CV.<\/span><\/i><\/li><\/ul><ul><li style=\"font-weight: 400;\" aria-level=\"1\"><i><span style=\"font-weight: 400;\">T\u00edtulo universitario o terciario (en caso de poseerlo). Cuando se trate de estudiantes, realizaremos entrevista de admisi\u00f3n.<\/span><\/i><\/li><\/ul><ul><li style=\"font-weight: 400;\" aria-level=\"1\"><i><span style=\"font-weight: 400;\">Copia del Documento de Identidad.\u00a0<\/span><\/i><\/li><\/ul><p>\u00a0<\/p><\/div><\/div>\n<div class=\"question\" tabindex=\"0\" role=\"link\"><div class=\"title\"><span class=\"num\">6<\/span><i class=\"icon-plus acc-icon-plus\" aria-hidden=\"true\"><\/i><i class=\"icon-minus acc-icon-minus\" aria-hidden=\"true\"><\/i> \u00bfPuedo cursar si vivo fuera de Argentina?<\/div><div class=\"answer\"><p><i><span style=\"font-weight: 400;\">S\u00ed, porque las clases y tutor\u00edas sincr\u00f3nicas son online. Para averiguar modalidad de pago en moneda extranjera\u00a0 contactate a <\/span><\/i><a href=\"mailto:educacion.continua@ub.edu.ar\"><i><span style=\"font-weight: 400;\">educacion.continua@ub.edu.ar<\/span><\/i><\/a><i><span style=\"font-weight: 400;\">.<\/span><\/i><\/p><\/div><\/div>\n<div class=\"question\" tabindex=\"0\" role=\"link\"><div class=\"title\"><span class=\"num\">7<\/span><i class=\"icon-plus acc-icon-plus\" aria-hidden=\"true\"><\/i><i class=\"icon-minus acc-icon-minus\" aria-hidden=\"true\"><\/i>\u00bfCu\u00e1les son los d\u00edas, horarios y modalidad de cursada?<\/div><div class=\"answer\"><p><i><span style=\"font-weight: 400;\">La <\/span><\/i><b><i>Diplomatura Universitaria en UXR <\/i><\/b><i><span style=\"font-weight: 400;\">se cursa los d\u00edas mi\u00e9rcoles de 7 PM a 10 PM en forma online y sincr\u00f3nica.\u00a0\u00a0<\/span><\/i><\/p><p><i><span style=\"font-weight: 400;\">Asimismo, cada 15 d\u00edas se realizan tutor\u00edas quincenales no obligatorias los d\u00edas lunes de 6 PM a 7 PM en forma online y sincr\u00f3nica. <\/span><\/i><\/p><\/div><\/div>\n<div class=\"question\" tabindex=\"0\" role=\"link\"><div class=\"title\"><span class=\"num\">8<\/span><i class=\"icon-plus acc-icon-plus\" aria-hidden=\"true\"><\/i><i class=\"icon-minus acc-icon-minus\" aria-hidden=\"true\"><\/i>\u00bfPuedo anotarme si no tengo t\u00edtulo universitario?<\/div><div class=\"answer\"><p><i><span style=\"font-weight: 400;\">S\u00ed, solo necesit\u00e1s contar con conocimientos b\u00e1sicas sobre:<\/span><\/i><\/p><ul><li style=\"font-weight: 400;\" aria-level=\"1\"><i><span style=\"font-weight: 400;\">Qu\u00e9 es UX.\u00a0<\/span><\/i><\/li><\/ul><ul><li style=\"font-weight: 400;\" aria-level=\"1\"><i><span style=\"font-weight: 400;\">Qu\u00e9 es UXR.<\/span><\/i><\/li><\/ul><ul><li style=\"font-weight: 400;\" aria-level=\"1\"><i><span style=\"font-weight: 400;\">Nociones de usabilidad y t\u00e9cnicas de investigaci\u00f3n.<\/span><\/i><\/li><\/ul><ul><li style=\"font-weight: 400;\" aria-level=\"1\"><i><span style=\"font-weight: 400;\">Nociones b\u00e1sicas de dise\u00f1o de interacci\u00f3n.<\/span><\/i><\/li><\/ul><ul><li style=\"font-weight: 400;\" aria-level=\"1\"><i><span style=\"font-weight: 400;\">Metodolog\u00eda para el dise\u00f1o de productos digitales.<\/span><\/i><\/li><\/ul><p>\u00a0<\/p><\/div><\/div>\n<div class=\"question\" tabindex=\"0\" role=\"link\"><div class=\"title\"><span class=\"num\">9<\/span><i class=\"icon-plus acc-icon-plus\" aria-hidden=\"true\"><\/i><i class=\"icon-minus acc-icon-minus\" aria-hidden=\"true\"><\/i>\u00bfCu\u00e1les son las pautas de aprobaci\u00f3n de la Diplomatura Universitaria en UXR?<\/div><div class=\"answer\"><p><i><span style=\"font-weight: 400;\">Para aprobar la <\/span><\/i><b><i>Diplomatura Universitaria en UXR <\/i><\/b><i><span style=\"font-weight: 400;\">es requerido tener un 75% de asistencia a las clases sincr\u00f3nicas de los d\u00edas mi\u00e9rcoles de 7 PM a 10 PM y haber aprobado el trabajo integrador de Investigaci\u00f3n.<\/span><\/i><\/p><\/div><\/div>\n<div class=\"question\" tabindex=\"0\" role=\"link\"><div class=\"title\"><span class=\"num\">10<\/span><i class=\"icon-plus acc-icon-plus\" aria-hidden=\"true\"><\/i><i class=\"icon-minus acc-icon-minus\" aria-hidden=\"true\"><\/i>\u00bfQu\u00e9 certificado voy a obtener?<\/div><div class=\"answer\"><p><i><span style=\"font-weight: 400;\">La Universidad de Belgrano extender\u00e1 certificados de aprobaci\u00f3n de la <\/span><\/i><b><i>Diplomatura Universitaria en UX<\/i><\/b><i><span style=\"font-weight: 400;\">\u00a0 a quienes aprueben las instancias de evaluaci\u00f3n y cumplan con 75% de asistencia.<\/span><\/i><\/p><p><i><span style=\"font-weight: 400;\">En los casos donde la cursada haya finalizado y no se hayan aprobado todas las instancias de evaluaci\u00f3n, la Universidad de Belgrano solo emitir\u00e1 un certificado de asistencia.<\/span><\/i><\/p><\/div><\/div>\n<div class=\"question\" tabindex=\"0\" role=\"link\"><div class=\"title\"><span class=\"num\">11<\/span><i class=\"icon-plus acc-icon-plus\" aria-hidden=\"true\"><\/i><i class=\"icon-minus acc-icon-minus\" aria-hidden=\"true\"><\/i>\u00bfPuedo cursar si no soy dise\u00f1ador\/a UX?<\/div><div class=\"answer\"><p>Si, claro que s\u00ed, solo necesitas contar con conocimientos b\u00e1sicas sobre:<\/p><ul><li>Qu\u00e9 es UX -<\/li><li>Qu\u00e9 es UXR -<\/li><li>Nociones de usabilidad y t\u00e9cnicas de investigaci\u00f3n -<\/li><li>Nociones b\u00e1sicas de dise\u00f1o de interacci\u00f3n y heur\u00edsticas -<\/li><li>Metodolog\u00eda para el dise\u00f1o de productos digitales<\/li><\/ul><\/div><\/div>\n<div class=\"question\" tabindex=\"0\" role=\"link\"><div class=\"title\"><span class=\"num\">12<\/span><i class=\"icon-plus acc-icon-plus\" aria-hidden=\"true\"><\/i><i class=\"icon-minus acc-icon-minus\" aria-hidden=\"true\"><\/i>\u00bfQu\u00e9 conocimientos necesito tener para hacer la diplomatura?<\/div><div class=\"answer\"><p>Los aspirantes deber\u00e1n acreditar conocimientos b\u00e1sicos sobre: -<\/p><ul><li>Qu\u00e9 es UX -<\/li><li>Qu\u00e9 es UXR -<\/li><li>Nociones de usabilidad y t\u00e9cnicas de investigaci\u00f3n -<\/li><li>Nociones b\u00e1sicas de dise\u00f1o de interacci\u00f3n y heur\u00edsticas -<\/li><li>Metodolog\u00eda para el dise\u00f1o de productos digitales<\/li><\/ul><\/div><\/div>\n<\/div><\/div>\n\t\t<\/div>\n\t\t\t\t<\/div>\n\t\t\t\t\t<\/div>\n\t\t<\/div>\n\t\t\t\t\t\t\t<\/div>\n\t\t<\/section>\n\t\t\t\t\t\t\t<\/div>\n\t\t","protected":false},"excerpt":{"rendered":"<p>Dudas frecuentes que nos consultan&#8230; 1\u00bf Cu\u00e1l es el arancel de la Diplomatura Universitaria en UXR? Aranceles 2024 Matr\u00edcula: AR$ 108.202.- 10 Cuotas: AR$ 108.202 cada<span class=\"excerpt-hellip\"> [\u2026]<\/span><\/p>\n","protected":false},"author":1,"featured_media":0,"parent":0,"menu_order":0,"comment_status":"closed","ping_status":"closed","template":"","meta":{"footnotes":""},"class_list":["post-278","page","type-page","status-publish","hentry"],"aioseo_notices":[],"_links":{"self":[{"href":"https:\/\/diuxr.com.ar\/wp\/wp-json\/wp\/v2\/pages\/278","targetHints":{"allow":["GET"]}}],"collection":[{"href":"https:\/\/diuxr.com.ar\/wp\/wp-json\/wp\/v2\/pages"}],"about":[{"href":"https:\/\/diuxr.com.ar\/wp\/wp-json\/wp\/v2\/types\/page"}],"author":[{"embeddable":true,"href":"https:\/\/diuxr.com.ar\/wp\/wp-json\/wp\/v2\/users\/1"}],"replies":[{"embeddable":true,"href":"https:\/\/diuxr.com.ar\/wp\/wp-json\/wp\/v2\/comments?post=278"}],"version-history":[{"count":130,"href":"https:\/\/diuxr.com.ar\/wp\/wp-json\/wp\/v2\/pages\/278\/revisions"}],"predecessor-version":[{"id":2430,"href":"https:\/\/diuxr.com.ar\/wp\/wp-json\/wp\/v2\/pages\/278\/revisions\/2430"}],"wp:attachment":[{"href":"https:\/\/diuxr.com.ar\/wp\/wp-json\/wp\/v2\/media?parent=278"}],"curies":[{"name":"wp","href":"https:\/\/api.w.org\/{rel}","templated":true}]}}